{"id":4871,"date":"2019-04-17T15:21:04","date_gmt":"2019-04-17T13:21:04","guid":{"rendered":"https:\/\/satin.pl\/treatments\/"},"modified":"2019-04-17T15:21:29","modified_gmt":"2019-04-17T13:21:29","slug":"treatments","status":"publish","type":"page","link":"https:\/\/satin.pl\/en\/treatments\/","title":{"rendered":"treatments"},"content":{"rendered":"<p>[et_pb_section bb_built=&#8221;1&#8243; specialty=&#8221;off&#8221; next_background_color=&#8221;#ffffff&#8221; _builder_version=&#8221;3.11.1&#8243; background_color=&#8221;#f7f5f5&#8243; background_image=&#8221;https:\/\/satin.pl\/wp-content\/uploads\/2018\/10\/zabiegi.jpg&#8221;][et_pb_row][et_pb_column type=&#8221;1_2&#8243;][et_pb_blurb _builder_version=&#8221;3.11.1&#8243; title=&#8221;Treatments&#8221; header_level=&#8221;h1&#8243; module_class=&#8221;nag-zab&#8221;]<\/p>\n<p>In Satin clinics patient is the most important for us. That is why we want to help You during podology treatments and therapies in the shortest possible time, making it a &#8222;First choice podology clinics&#8221;.<\/p>\n<p>[\/et_pb_blurb][\/et_pb_column][et_pb_column type=&#8221;1_2&#8243;][\/et_pb_column][\/et_pb_row][\/et_pb_section][et_pb_section bb_built=&#8221;1&#8243; prev_background_color=&#8221;#f7f5f5&#8243;][et_pb_row _builder_version=&#8221;3.11.1&#8243;][et_pb_column type=&#8221;4_4&#8243;][et_pb_text _builder_version=&#8221;3.11.1&#8243; module_class=&#8221;opis-zab&#8221; animation_style=&#8221;fade&#8221;]<\/p>\n<h4>Podology diagnosis<\/h4>\n<p>[\/et_pb_text][\/et_pb_column][\/et_pb_row][et_pb_row _builder_version=&#8221;3.11.1&#8243; custom_margin=&#8221;0px|||&#8221; custom_padding=&#8221;0px|||&#8221; use_custom_gutter=&#8221;on&#8221; gutter_width=&#8221;2&#8243;][et_pb_column type=&#8221;1_4&#8243;][et_pb_blurb admin_label=&#8221;Konsultacja podologiczna&#8221; _builder_version=&#8221;3.11.1&#8243; module_class=&#8221;zabieg-lista&#8221; title=&#8221;Podology consultation&#8221;]<\/p>\n<p>Price: 150 PLN<\/p>\n<a href='\/zabiegi-podologiczne\/konsultacja-podologiczna\/' class='small-button smallblue'>Learn more<\/a>\n<p>[\/et_pb_blurb][et_pb_blurb _builder_version=&#8221;3.11.1&#8243; module_class=&#8221;zabieg-lista&#8221; title=&#8221;Bacteriological tests&#8221;]<\/p>\n<p>Price: 110 PLN<\/p>\n<a href='\/zabiegi-podologiczne\/badania-bakteriologiczne\/' class='small-button smallblue'>Learn more<\/a>\n<p>[\/et_pb_blurb][\/et_pb_column][et_pb_column type=&#8221;1_4&#8243;][et_pb_blurb admin_label=&#8221;Konsultacja chirurgiczna&#8221; _builder_version=&#8221;3.11.1&#8243; module_class=&#8221;zabieg-lista&#8221; title=&#8221;Surgical consultation&#8221;]<\/p>\n<p>Price: 150 PLN<\/p>\n<a href='\/zabiegi-podologiczne\/konsultacja-chirurgiczna\/' class='small-button smallblue'>Learn more<\/a>\n<p>[\/et_pb_blurb][et_pb_blurb _builder_version=&#8221;3.11.1&#8243; module_class=&#8221;zabieg-lista&#8221; title=&#8221;Histopathological tests&#8221;]<\/p>\n<p>Price: 150 PLN<\/p>\n<a href='\/zabiegi-podologiczne\/badania-histopatologiczne\/\/' class='small-button smallblue'>Learn more<\/a>\n<p>[\/et_pb_blurb][\/et_pb_column][et_pb_column type=&#8221;1_4&#8243;][et_pb_blurb admin_label=&#8221;Konsultacja ortopodologiczna&#8221; _builder_version=&#8221;3.11.1&#8243; module_class=&#8221;zabieg-lista&#8221; title=&#8221;Orthopodology consultation&#8221;]<\/p>\n<p>Price: 150 PLN<\/p>\n<a href='\/zabiegi-podologiczne\/konsultacja-ortopodologiczna\/' class='small-button smallblue'>Learn more<\/a>\n<p>[\/et_pb_blurb][et_pb_blurb _builder_version=&#8221;3.11.1&#8243; module_class=&#8221;zabieg-lista&#8221; title=&#8221;Mycological tests&#8221;]<\/p>\n<p>Price: from 140 PLN<\/p>\n<a href='\/zabiegi-podologiczne\/badania-mykologiczne\/' class='small-button smallblue'>Learn more<\/a>\n<p>[\/et_pb_blurb][\/et_pb_column][et_pb_column type=&#8221;1_4&#8243;][\/et_pb_column][\/et_pb_row][et_pb_row _builder_version=&#8221;3.11.1&#8243;][et_pb_column type=&#8221;4_4&#8243;][et_pb_text _builder_version=&#8221;3.11.1&#8243; module_class=&#8221;opis-zab&#8221; animation_style=&#8221;fade&#8221;]<\/p>\n<h4>Podological treatments<\/h4>\n<p>[\/et_pb_text][\/et_pb_column][\/et_pb_row][et_pb_row _builder_version=&#8221;3.11.1&#8243; custom_margin=&#8221;0px|||&#8221; custom_padding=&#8221;0px|||&#8221; use_custom_gutter=&#8221;on&#8221; gutter_width=&#8221;2&#8243;][et_pb_column type=&#8221;1_4&#8243;][et_pb_blurb admin_label=&#8221;Profilaktyczny Zabieg Podologiczny (PZP)&#8221; _builder_version=&#8221;3.11.1&#8243; module_class=&#8221;zabieg-lista&#8221; title=&#8221;Prophylactic medical pedicure&#8221;]<\/p>\n<p>Price: 150 PLN<\/p>\n<a href='\/zabiegi-podologiczne\/profilaktyczny-zabieg-podologiczny-pzp\/' class='small-button smallblue'>Learn more<\/a>\n<p>[\/et_pb_blurb][\/et_pb_column][et_pb_column type=&#8221;1_4&#8243;][et_pb_blurb admin_label=&#8221;Profilaktyczny Zabieg Podologiczny z usuni\u0119ciem modzeli&#8221; _builder_version=&#8221;3.11.1&#8243; module_class=&#8221;zabieg-lista&#8221; title=&#8221;Prophylactic medical pedicure + removal of calluses&#8221;]<\/p>\n<p>Price: 150 PLN<\/p>\n<a href='\/zabiegi-podologiczne\/profilaktyczny-zabieg-podologiczny-z-usunieciem-modzeli\/' class='small-button smallblue'>Learn more<\/a>\n<p>[\/et_pb_blurb][\/et_pb_column][et_pb_column type=&#8221;1_4&#8243;][et_pb_blurb admin_label=&#8221;Obci\u0119cie i oszlifowanie paznokci&#8221; _builder_version=&#8221;3.11.1&#8243; module_class=&#8221;zabieg-lista&#8221; title=&#8221;Cutting and polishing nails&#8221;]<\/p>\n<p>Price: 150 PLN<\/p>\n<a href='\/zabiegi-podologiczne\/obciecie-i-oszlifowanie-paznokci\/' class='small-button smallblue'>Learn more<\/a>\n<p>[\/et_pb_blurb][\/et_pb_column][et_pb_column type=&#8221;1_4&#8243;][\/et_pb_column][\/et_pb_row][et_pb_row _builder_version=&#8221;3.11.1&#8243;][et_pb_column type=&#8221;4_4&#8243;][et_pb_text admin_label=&#8221;Terapie paznokci&#8221; _builder_version=&#8221;3.11.1&#8243; module_class=&#8221;opis-zab&#8221; animation_style=&#8221;fade&#8221;]<\/p>\n<h4>Nail therapies<\/h4>\n<p>[\/et_pb_text][\/et_pb_column][\/et_pb_row][et_pb_row _builder_version=&#8221;3.11.1&#8243; custom_margin=&#8221;0px|||&#8221; custom_padding=&#8221;0px|||&#8221; use_custom_gutter=&#8221;on&#8221; gutter_width=&#8221;2&#8243;][et_pb_column type=&#8221;1_4&#8243;][et_pb_blurb admin_label=&#8221;Wrastaj\u0105ce \/ wkr\u0119caj\u0105ce paznokcie&#8221; _builder_version=&#8221;3.11.1&#8243; module_class=&#8221;zabieg-lista&#8221; title=&#8221;Ingrown and screwing nails&#8221;]<\/p>\n<p>Price: from 250 PLN<\/p>\n<a href='\/zabiegi-podologiczne\/wrastajace-wkrecajace-paznokcie\/' class='small-button smallblue'>Learn more<\/a>\n<p>[\/et_pb_blurb][\/et_pb_column][et_pb_column type=&#8221;1_4&#8243;][et_pb_blurb admin_label=&#8221;Grzybica paznokci&#8221; _builder_version=&#8221;3.11.1&#8243; module_class=&#8221;zabieg-lista&#8221; title=&#8221;Nail fungus&#8221;]<\/p>\n<p>Price: from 140 PLN<\/p>\n<a href='\/zabiegi-podologiczne\/grzybica-paznokci\/' class='small-button smallblue'>Learn more<\/a>\n<p>[\/et_pb_blurb][\/et_pb_column][et_pb_column type=&#8221;1_4&#8243;][et_pb_blurb admin_label=&#8221;Paznokcie przero\u015bni\u0119te \/ zgrubia\u0142e&#8221; _builder_version=&#8221;3.11.1&#8243; module_class=&#8221;zabieg-lista&#8221; title=&#8221;Nails overexposed&#8221;]<\/p>\n<p>Price: from 150 PLN<\/p>\n<a href='\/zabiegi-podologiczne\/paznokcie-przerosniete-zgrubiale\/' class='small-button smallblue'>Learn more<\/a>\n<p>[\/et_pb_blurb][\/et_pb_column][et_pb_column type=&#8221;1_4&#8243;][et_pb_blurb admin_label=&#8221;Rekonstrukcja p\u0142ytki paznokciowej&#8221; _builder_version=&#8221;3.11.1&#8243; module_class=&#8221;zabieg-lista&#8221; title=&#8221;Nail plate reconstruction&#8221;]<\/p>\n<p>Price: from 100 PLN<\/p>\n<a href='\/zabiegi-podologiczne\/rekonstrukcja-plytki-paznokciowej\/' class='small-button smallblue'>Learn more<\/a>\n<p>[\/et_pb_blurb][\/et_pb_column][\/et_pb_row][et_pb_row _builder_version=&#8221;3.11.1&#8243;][et_pb_column type=&#8221;4_4&#8243;][et_pb_text admin_label=&#8221;Terapie sk\u00f3ry&#8221; _builder_version=&#8221;3.11.1&#8243; module_class=&#8221;opis-zab&#8221; animation_style=&#8221;fade&#8221;]<\/p>\n<h4>Skin therapies<\/h4>\n<p>[\/et_pb_text][\/et_pb_column][\/et_pb_row][et_pb_row _builder_version=&#8221;3.11.1&#8243; custom_margin=&#8221;0px|||&#8221; custom_padding=&#8221;0px|||&#8221; use_custom_gutter=&#8221;on&#8221; gutter_width=&#8221;2&#8243;][et_pb_column type=&#8221;1_4&#8243;][et_pb_blurb admin_label=&#8221;Sucha sk\u00f3ra st\u00f3p&#8221; _builder_version=&#8221;3.11.1&#8243; module_class=&#8221;zabieg-lista&#8221; title=&#8221;Dry skin&#8221;]<\/p>\n<p>Price: from 130 PLN<\/p>\n<a href='\/zabiegi-podologiczne\/sucha-skora-stop\/' class='small-button smallblue'>Learn more<\/a>\n<p>[\/et_pb_blurb][et_pb_blurb admin_label=&#8221;Brodawki wirusowe, kurzajki&#8221; _builder_version=&#8221;3.11.1&#8243; module_class=&#8221;zabieg-lista&#8221; title=&#8221;Warts&#8221;]<\/p>\n<p>Price: 120 PLN<\/p>\n<a href='\/zabiegi-podologiczne\/brodawki-wirusowe-kurzajki\/' class='small-button smallblue'>Learn more<\/a>\n<p>[\/et_pb_blurb][\/et_pb_column][et_pb_column type=&#8221;1_4&#8243;][et_pb_blurb admin_label=&#8221;Zrogowacenia \/ modzele&#8221; _builder_version=&#8221;3.11.1&#8243; module_class=&#8221;zabieg-lista&#8221; title=&#8221;Calluses&#8221;]<\/p>\n<p>Price: from 100 PLN<\/p>\n<a href='\/zabiegi-podologiczne\/zrogowacenia-modzele\/' class='small-button smallblue'>Learn more<\/a>\n<p>[\/et_pb_blurb][et_pb_blurb admin_label=&#8221;Poc\u0105ce si\u0119 stopy&#8221; _builder_version=&#8221;3.11.1&#8243; module_class=&#8221;zabieg-lista&#8221; title=&#8221;Excessively sweating feet&#8221;]<\/p>\n<p>Price: from 130 PLN<\/p>\n<a href='\/zabiegi-podologiczne\/pocace-sie-stopy\/' class='small-button smallblue'>Learn more<\/a>\n<p>[\/et_pb_blurb][\/et_pb_column][et_pb_column type=&#8221;1_4&#8243;][et_pb_blurb admin_label=&#8221;P\u0119kaj\u0105ce pi\u0119ty&#8221; _builder_version=&#8221;3.11.1&#8243; module_class=&#8221;zabieg-lista&#8221; title=&#8221;Cracking heels&#8221;]<\/p>\n<p>Price: from 100 PLN<\/p>\n<a href='\/zabiegi-podologiczne\/pekajace-piety\/' class='small-button smallblue'>Learn more<\/a>\n<p>[\/et_pb_blurb][\/et_pb_column][et_pb_column type=&#8221;1_4&#8243;][et_pb_blurb admin_label=&#8221;Odciski&#8221; _builder_version=&#8221;3.11.1&#8243; module_class=&#8221;zabieg-lista&#8221; title=&#8221;Corns&#8221;]<\/p>\n<p>Price: 150 PLN<\/p>\n<a href='\/zabiegi-podologiczne\/odciski\/' class='small-button smallblue'>Learn more<\/a>\n<p>[\/et_pb_blurb][\/et_pb_column][\/et_pb_row][et_pb_row _builder_version=&#8221;3.11.1&#8243;][et_pb_column type=&#8221;4_4&#8243;][et_pb_text admin_label=&#8221;Chirurgia podologiczna&#8221; _builder_version=&#8221;3.11.1&#8243; module_class=&#8221;opis-zab&#8221; animation_style=&#8221;fade&#8221;]<\/p>\n<h4>Podology surgery<\/h4>\n<p>[\/et_pb_text][\/et_pb_column][\/et_pb_row][et_pb_row _builder_version=&#8221;3.11.1&#8243; custom_margin=&#8221;0px|||&#8221; custom_padding=&#8221;0px|||&#8221; use_custom_gutter=&#8221;on&#8221; gutter_width=&#8221;2&#8243;][et_pb_column type=&#8221;1_4&#8243;][et_pb_blurb admin_label=&#8221;Konsultacja chirurgiczna&#8221; _builder_version=&#8221;3.11.1&#8243; module_class=&#8221;zabieg-lista&#8221; title=&#8221;Surgical consultation&#8221;]<\/p>\n<p>Price: 150 PLN<\/p>\n<a href='\/zabiegi-podologiczne\/konsultacja-chirurgiczna\/' class='small-button smallblue'>Learn more<\/a>\n<p>[\/et_pb_blurb][\/et_pb_column][et_pb_column type=&#8221;1_4&#8243;][et_pb_blurb admin_label=&#8221;Plastyka wa\u0142\u00f3w paznokciowych&#8221; _builder_version=&#8221;3.11.1&#8243; module_class=&#8221;zabieg-lista&#8221; title=&#8221;Plastic surgery of nail shafts&#8221;]<\/p>\n<p>Price: from 1200 PLN<\/p>\n<a href='\/zabiegi-podologiczne\/plastyka-walow-paznokciowych\/' class='small-button smallblue'>Learn more<\/a>\n<p>[\/et_pb_blurb][\/et_pb_column][et_pb_column type=&#8221;1_4&#8243;][et_pb_blurb admin_label=&#8221;Zabiegi chirurgiczne p\u0142ytki paznokciowej&#8221; _builder_version=&#8221;3.11.1&#8243; module_class=&#8221;zabieg-lista&#8221; title=&#8221;Surgical treatment of the nail plate&#8221;]<\/p>\n<p>Price: from 1500 PLN<\/p>\n<a href='\/zabiegi-podologiczne\/zabiegi-chirurgiczne-plytki-paznokciowej\/' class='small-button smallblue'>Learn more<\/a>\n<p>[\/et_pb_blurb][\/et_pb_column][et_pb_column type=&#8221;1_4&#8243;][et_pb_blurb admin_label=&#8221;Usuwanie zmian sk\u00f3rnych&#8221; _builder_version=&#8221;3.11.1&#8243; module_class=&#8221;zabieg-lista&#8221; title=&#8221;Removal of skin changes&#8221;]<\/p>\n<p>&nbsp;<\/p>\n<a href='\/zabiegi-podologiczne\/usuwanie-zmian-skornych\/' class='small-button smallblue'>Learn more<\/a>\n<p>[\/et_pb_blurb][\/et_pb_column][\/et_pb_row][et_pb_row _builder_version=&#8221;3.11.1&#8243;][et_pb_column type=&#8221;4_4&#8243;][et_pb_text admin_label=&#8221;Ortopodolgia&#8221; _builder_version=&#8221;3.11.1&#8243; module_class=&#8221;opis-zab&#8221; animation_style=&#8221;fade&#8221;]<\/p>\n<h4>Orthopodology<\/h4>\n<p>[\/et_pb_text][\/et_pb_column][\/et_pb_row][et_pb_row _builder_version=&#8221;3.11.1&#8243; custom_margin=&#8221;0px|||&#8221; custom_padding=&#8221;0px|||&#8221; use_custom_gutter=&#8221;on&#8221; gutter_width=&#8221;2&#8243;][et_pb_column type=&#8221;1_4&#8243;][et_pb_blurb admin_label=&#8221;Konsultacja ortopodologiczna&#8221; _builder_version=&#8221;3.11.1&#8243; module_class=&#8221;zabieg-lista&#8221; title=&#8221;Orthopodology consultation&#8221;]<\/p>\n<p>Price: 150 PLN<\/p>\n<a href='\/zabiegi-podologiczne\/konsultacja-ortopodologiczna\/' class='small-button smallblue'>Learn more<\/a>\n<p>[\/et_pb_blurb][\/et_pb_column][et_pb_column type=&#8221;1_4&#8243;][et_pb_blurb admin_label=&#8221;Indywidualny dob\u00f3r wk\u0142adek&#8221; _builder_version=&#8221;3.11.1&#8243; module_class=&#8221;zabieg-lista&#8221; title=&#8221;Individual selection of insoles&#8221;]<\/p>\n<p>&nbsp;<\/p>\n<a href='\/zabiegi-podologiczne\/indywidualny-dobor-wkladek\/\/' class='small-button smallblue'>Learn more<\/a>\n<p>[\/et_pb_blurb][\/et_pb_column][et_pb_column type=&#8221;1_4&#8243;][et_pb_blurb admin_label=&#8221;Wk\u0142adki Sidas&#8221; _builder_version=&#8221;3.11.1&#8243; module_class=&#8221;zabieg-lista&#8221; title=&#8221;Sidas insoles&#8221;]<\/p>\n<p>&nbsp;<\/p>\n<a href='\/zabiegi-podologiczne\/wkladki-sidas\/' class='small-button smallblue'>Learn more<\/a>\n<p>[\/et_pb_blurb][\/et_pb_column][et_pb_column type=&#8221;1_4&#8243;][\/et_pb_column][\/et_pb_row][et_pb_row _builder_version=&#8221;3.11.1&#8243;][et_pb_column type=&#8221;4_4&#8243;][et_pb_text admin_label=&#8221;Podologia dzieci\u0119ca&#8221; _builder_version=&#8221;3.11.1&#8243; module_class=&#8221;opis-zab&#8221; animation_style=&#8221;fade&#8221;]<\/p>\n<h4>Children&#8217;s podology<\/h4>\n<p>[\/et_pb_text][\/et_pb_column][\/et_pb_row][et_pb_row _builder_version=&#8221;3.11.1&#8243; custom_margin=&#8221;0px|||&#8221; custom_padding=&#8221;0px|||&#8221; use_custom_gutter=&#8221;on&#8221; gutter_width=&#8221;2&#8243;][et_pb_column type=&#8221;1_4&#8243;][et_pb_blurb admin_label=&#8221;Konsultacja z zakresu podologii dzieci\u0119cej&#8221; _builder_version=&#8221;3.11.1&#8243; module_class=&#8221;zabieg-lista&#8221; title=&#8221;Consultation&#8221;]<\/p>\n<p>&nbsp;<\/p>\n<a href='\/zabiegi-podologiczne\/konsultacja-z-zakresu-podologii-dzieciecej\/' class='small-button smallblue'>Learn more<\/a>\n<p>[\/et_pb_blurb][\/et_pb_column][et_pb_column type=&#8221;1_4&#8243;][et_pb_blurb admin_label=&#8221;Podologia dzieci\u0119ca&#8221; _builder_version=&#8221;3.11.1&#8243; module_class=&#8221;zabieg-lista&#8221; title=&#8221;Children&#8217;s podology&#8221;]<\/p>\n<p>Price: 100 PLN<\/p>\n<a href='\/zabiegi-podologiczne\/podologia-dziecieca\/' class='small-button smallblue'>Learn more<\/a>\n<p>[\/et_pb_blurb][\/et_pb_column][et_pb_column type=&#8221;1_4&#8243;][\/et_pb_column][et_pb_column type=&#8221;1_4&#8243;][\/et_pb_column][\/et_pb_row][et_pb_row _builder_version=&#8221;3.11.1&#8243;][et_pb_column type=&#8221;4_4&#8243;][et_pb_text admin_label=&#8221;Opieka specjalistyczna&#8221; _builder_version=&#8221;3.11.1&#8243; module_class=&#8221;opis-zab&#8221; animation_style=&#8221;fade&#8221;]<\/p>\n<h4>Special care<\/h4>\n<p>[\/et_pb_text][\/et_pb_column][\/et_pb_row][et_pb_row _builder_version=&#8221;3.11.1&#8243; custom_margin=&#8221;0px|||&#8221; custom_padding=&#8221;0px|||&#8221; use_custom_gutter=&#8221;on&#8221; gutter_width=&#8221;2&#8243;][et_pb_column type=&#8221;1_4&#8243;][et_pb_blurb admin_label=&#8221;Podologia dla cukrzyk\u00f3w&#8221; _builder_version=&#8221;3.11.1&#8243; module_class=&#8221;zabieg-lista&#8221; title=&#8221;Podology for diabetics&#8221;]<\/p>\n<p>Price: 100 PLN<\/p>\n<a href='\/zabiegi-podologiczne\/podologia-dla-cukrzykow\/' class='small-button smallblue'>Learn more<\/a>\n<p>[\/et_pb_blurb][\/et_pb_column][et_pb_column type=&#8221;1_4&#8243;][et_pb_blurb admin_label=&#8221;Podologia dla kobiet w ci\u0105\u017cy&#8221; _builder_version=&#8221;3.11.1&#8243; module_class=&#8221;zabieg-lista&#8221; title=&#8221;Podology for pregnant women&#8221;]<\/p>\n<p>&nbsp;<\/p>\n<a href='\/zabiegi-podologiczne\/podologia-dla-kobiet-w-ciazy\/' class='small-button smallblue'>Learn more<\/a>\n<p>[\/et_pb_blurb][\/et_pb_column][et_pb_column type=&#8221;1_4&#8243;][et_pb_blurb admin_label=&#8221;Podologia dla sportowc\u00f3w&#8221; _builder_version=&#8221;3.11.1&#8243; module_class=&#8221;zabieg-lista&#8221; title=&#8221;Podology for athletes&#8221;]<\/p>\n<p>&nbsp;<\/p>\n<a href='\/zabiegi-podologiczne\/podologia-dla-sportowcow\/' class='small-button smallblue'>Make an appointment<\/a>\n<p>[\/et_pb_blurb][\/et_pb_column][et_pb_column type=&#8221;1_4&#8243;][\/et_pb_column][\/et_pb_row][et_pb_row _builder_version=&#8221;3.11.1&#8243;][et_pb_column type=&#8221;4_4&#8243;][et_pb_text admin_label=&#8221;Badania&#8221; _builder_version=&#8221;3.11.1&#8243; module_class=&#8221;opis-zab&#8221; animation_style=&#8221;fade&#8221;]<\/p>\n<h4>Standard tests<\/h4>\n<p>[\/et_pb_text][\/et_pb_column][\/et_pb_row][et_pb_row _builder_version=&#8221;3.11.1&#8243; custom_margin=&#8221;0px|||&#8221; custom_padding=&#8221;0px|||&#8221; use_custom_gutter=&#8221;on&#8221; gutter_width=&#8221;2&#8243;][et_pb_column type=&#8221;1_4&#8243;][et_pb_blurb _builder_version=&#8221;3.11.1&#8243; module_class=&#8221;zabieg-lista&#8221; title=&#8221;Bacteriological tests&#8221;]<\/p>\n<p>Price: 110 PLN<\/p>\n<a href='\/zabiegi-podologiczne\/badania-bakteriologiczne\/' class='small-button smallblue'>Learn more<\/a>\n<p>[\/et_pb_blurb][\/et_pb_column][et_pb_column type=&#8221;1_4&#8243;][et_pb_blurb _builder_version=&#8221;3.11.1&#8243; module_class=&#8221;zabieg-lista&#8221; title=&#8221;Histopathological tests&#8221;]<\/p>\n<p>Price: 150 PLN<\/p>\n<a href='\/zabiegi-podologiczne\/badania-histopatologiczne\/\/' class='small-button smallblue'>Learn more<\/a>\n<p>[\/et_pb_blurb][\/et_pb_column][et_pb_column type=&#8221;1_4&#8243;][et_pb_blurb _builder_version=&#8221;3.11.1&#8243; module_class=&#8221;zabieg-lista&#8221; title=&#8221;Mycological tests&#8221;]<\/p>\n<p>Price: from 140 PLN<\/p>\n<a href='\/zabiegi-podologiczne\/badania-mykologiczne\/' class='small-button smallblue'>Learn more<\/a>\n<p>[\/et_pb_blurb][\/et_pb_column][et_pb_column type=&#8221;1_4&#8243;][\/et_pb_column][\/et_pb_row][et_pb_row _builder_version=&#8221;3.11.1&#8243;][et_pb_column type=&#8221;4_4&#8243;][et_pb_text admin_label=&#8221;Badania&#8221; _builder_version=&#8221;3.11.1&#8243; module_class=&#8221;opis-zab&#8221; animation_style=&#8221;fade&#8221;]<\/p>\n<h4>Other<\/h4>\n<p>[\/et_pb_text][\/et_pb_column][\/et_pb_row][et_pb_row _builder_version=&#8221;3.11.1&#8243; custom_margin=&#8221;0px|||&#8221; custom_padding=&#8221;0px|||&#8221; use_custom_gutter=&#8221;on&#8221; gutter_width=&#8221;2&#8243;][et_pb_column type=&#8221;1_4&#8243;][et_pb_blurb admin_label=&#8221;Wizyty domowe&#8221; _builder_version=&#8221;3.11.1&#8243; module_class=&#8221;zabieg-lista&#8221; title=&#8221;Home visits&#8221;]<\/p>\n<p>&nbsp;<\/p>\n<a href='\/zabiegi-podologiczne\/wizyty-domowe\/' class='small-button smallblue'>Learn more<\/a>\n<p>[\/et_pb_blurb][\/et_pb_column][et_pb_column type=&#8221;1_4&#8243;][\/et_pb_column][et_pb_column type=&#8221;1_4&#8243;][\/et_pb_column][et_pb_column type=&#8221;1_4&#8243;][\/et_pb_column][\/et_pb_row][\/et_pb_section]<\/p>\n","protected":false},"excerpt":{"rendered":"<p><div class=\"et_pb_row et_pb_row_0 et_pb_row_empty\">\n\t\t\t\t\n\t\t\t\t\n\t\t\t\t\n\t\t\t\t\n\t\t\t\t\n\t\t\t<\/div> In Satin clinics patient is the most important for us. That is why we want to help You during podology treatments and therapies in the shortest possible time, making it a &#8222;First choice podology clinics&#8221;. Podology diagnosis Price: 150 PLN <a href='\/zabiegi-podologiczne\/konsultacja-podologiczna\/' class='small-button smallblue'>Learn more<\/a> Price: 110 PLN <a href='\/zabiegi-podologiczne\/badania-bakteriologiczne\/' class='small-button smallblue'>Learn more<\/a> Price: 150 PLN [&hellip;]<\/p>\n","protected":false},"author":1,"featured_media":0,"parent":0,"menu_order":0,"comment_status":"closed","ping_status":"closed","template":"","meta":{"_acf_changed":false,"_et_pb_use_builder":"on","_et_pb_old_content":"","_et_gb_content_width":"","inline_featured_image":false,"footnotes":""},"class_list":["post-4871","page","type-page","status-publish","hentry"],"acf":[],"_links":{"self":[{"href":"https:\/\/satin.pl\/en\/wp-json\/wp\/v2\/pages\/4871","targetHints":{"allow":["GET"]}}],"collection":[{"href":"https:\/\/satin.pl\/en\/wp-json\/wp\/v2\/pages"}],"about":[{"href":"https:\/\/satin.pl\/en\/wp-json\/wp\/v2\/types\/page"}],"author":[{"embeddable":true,"href":"https:\/\/satin.pl\/en\/wp-json\/wp\/v2\/users\/1"}],"replies":[{"embeddable":true,"href":"https:\/\/satin.pl\/en\/wp-json\/wp\/v2\/comments?post=4871"}],"version-history":[{"count":0,"href":"https:\/\/satin.pl\/en\/wp-json\/wp\/v2\/pages\/4871\/revisions"}],"wp:attachment":[{"href":"https:\/\/satin.pl\/en\/wp-json\/wp\/v2\/media?parent=4871"}],"curies":[{"name":"wp","href":"https:\/\/api.w.org\/{rel}","templated":true}]}}